{"id":624,"date":"2015-01-21T17:33:19","date_gmt":"2015-01-21T17:33:19","guid":{"rendered":"http:\/\/www.monogatari.info\/?page_id=624"},"modified":"2015-01-21T17:33:19","modified_gmt":"2015-01-21T17:33:19","slug":"about-me","status":"publish","type":"page","link":"https:\/\/monogatari.info\/index.php\/about-me\/","title":{"rendered":"About Me"},"content":{"rendered":"\n<p>What can I say about me? I&#8217;m a painter, music composer, writer, photographer, experimentalist\u2026<\/p>\n\n\n\n<p>Never took a music lesson but for the ones in middle-school however I have been dabling with musical instruments since I was around six. I prefer the piano, however I can also play the guitar, most sorts of tribal drums, the didgeridoo\u2026 well, sort of. I can play them without being out of tune.<\/p>\n\n\n\n<p>I started painting in my teens, but only took it more seriously in the last 15 years, when I started being less of a perfectionist. I have no technique in painting, I just drop colours on the canvas following what I feel and that&#8217;s about it.<\/p>\n\n\n\n<p>As for the writing part\u2026 well, I could go on and on about this, but I&#8217;ll try to be brief. I have a great tendency to write long stories. I have started writing at a very early age but never in a regular fashion. I would write random bits here and there, mostly comprised of single phrases and thoughts. I&#8217;ve written some paper diaries which I currently don&#8217;t know where they are. Back in 2003 I started writing my blog. Since then the blog has had several &#8220;homes&#8221; and &#8220;names&#8221; ending up with the current name &#8220;monogatari&#8221; which is &#8220;story&#8221; in Japanese.<\/p>\n\n\n\n<p>I&#8217;ve also worked a lot with photoshop and still do when the creativity desires it. You can check my flickr account on the sidebar which has some of my photographs and photoshop works.<\/p>\n\n\n\n<p>I am a big fan of Japanese culture, I love all sorts of music ranging from tribal and ethnic to classical. I also like reading, mostly novels, science-fiction, history.<\/p>\n\n\n\n<p>O que posso dizer sobre mim? Sou pintor, compositor, escritor, fot\u00f3grafo, experimentalista \u2026<\/p>\n\n\n\n<p>Nunca tive aulas de m\u00fasica, a n\u00e3o ser as aulas de educa\u00e7\u00e3o musical na escola, no entanto, tenho trabalhado com instrumentos musicais desde que eu tinha cerca de seis anos. Eu prefiro o piano, no entanto eu tamb\u00e9m posso tocar guitarra, a maioria dos tipos de bateria tribal, o didgeridoo \u2026 bem, mais ou menos. Eu consigo toc\u00e1-los sem estar desafinado.<\/p>\n\n\n\n<p>Comecei a pintar na minha adolesc\u00eancia, mas s\u00f3 comecei a pintar mais a s\u00e9rio nos \u00faltimos 15 anos, quando comecei a ser menos perfeccionista. N\u00e3o tenho qualquer t\u00e9cnica na pintura, apenas deixo cair cores na tela seguindo o que eu sinto e \u00e9 isso.<\/p>\n\n\n\n<p>Quanto \u00e0 parte da escrita \u2026 bem, o que eu podia divagar sobre isso, mas vou tentar ser breve. Eu tenho uma grande tend\u00eancia para escrever longas hist\u00f3rias. Comecei a escrever muito cedo, mas nunca de forma regular. Eu escrevia peca\u00e7os aleat\u00f3rios aqui e ali, principalmente compostos de frases e pensamentos \u00fanicos. Eu escrevi alguns di\u00e1rios de papel que atualmente n\u00e3o sei onde est\u00e3o. Em 2003, comecei a escrever meu blog. Desde ent\u00e3o, o blog teve v\u00e1rios &#8220;lares&#8221; e &#8220;nomes&#8221;, terminando com o nome atual &#8220;monogatari&#8221;, que \u00e9 &#8220;hist\u00f3ria&#8221; em japon\u00eas.<\/p>\n\n\n\n<p>Tamb\u00e9m trabalhei muito com o photoshop e ainda fa\u00e7o quando a criatividade o deseja. Voc\u00ea pode checar minha conta no flickr na barra lateral que tem algumas das minhas fotos e photoshop.<\/p>\n\n\n\n<p>Eu sou um grande f\u00e3 da cultura japonesa, eu amo todos os tipos de m\u00fasica, desde tribal e \u00e9tnica a cl\u00e1ssica. Eu tamb\u00e9m gosto de ler, principalmente romances, fic\u00e7\u00e3o cient\u00edfica, hist\u00f3ria.<\/p>\n","protected":false},"excerpt":{"rendered":"<p>What can I say about me? I&#8217;m a painter, music composer, writer, photographer, experimentalist\u2026 Never took a music lesson but for the ones in middle-school however I have been dabling with musical instruments since I was around six. I prefer the piano, however I can also play the guitar, most sorts of tribal drums, the [&hellip;]<\/p>\n","protected":false},"author":1,"featured_media":0,"parent":0,"menu_order":0,"comment_status":"open","ping_status":"open","template":"","meta":{"footnotes":""},"class_list":["post-624","page","type-page","status-publish","hentry"],"_links":{"self":[{"href":"https:\/\/monogatari.info\/index.php\/wp-json\/wp\/v2\/pages\/624","targetHints":{"allow":["GET"]}}],"collection":[{"href":"https:\/\/monogatari.info\/index.php\/wp-json\/wp\/v2\/pages"}],"about":[{"href":"https:\/\/monogatari.info\/index.php\/wp-json\/wp\/v2\/types\/page"}],"author":[{"embeddable":true,"href":"https:\/\/monogatari.info\/index.php\/wp-json\/wp\/v2\/users\/1"}],"replies":[{"embeddable":true,"href":"https:\/\/monogatari.info\/index.php\/wp-json\/wp\/v2\/comments?post=624"}],"version-history":[{"count":0,"href":"https:\/\/monogatari.info\/index.php\/wp-json\/wp\/v2\/pages\/624\/revisions"}],"wp:attachment":[{"href":"https:\/\/monogatari.info\/index.php\/wp-json\/wp\/v2\/media?parent=624"}],"curies":[{"name":"wp","href":"https:\/\/api.w.org\/{rel}","templated":true}]}}